{"id":843,"date":"2023-04-23T13:44:11","date_gmt":"2023-04-23T13:44:11","guid":{"rendered":"https:\/\/partiguineendupeuple.org\/?page_id=843"},"modified":"2024-10-23T13:40:59","modified_gmt":"2024-10-23T13:40:59","slug":"biographie","status":"publish","type":"page","link":"https:\/\/partiguineendupeuple.org\/?page_id=843","title":{"rendered":"Biographie"},"content":{"rendered":"\t\t<div data-elementor-type=\"wp-page\" data-elementor-id=\"843\" class=\"elementor elementor-843\" data-elementor-post-type=\"page\">\n\t\t\t\t\t\t<section class=\"elementor-section elementor-top-section elementor-element elementor-element-3709bbe4 elementor-section-boxed elementor-section-height-default elementor-section-height-default\" data-id=\"3709bbe4\" data-element_type=\"section\" data-settings=\"{&quot;background_background&quot;:&quot;classic&quot;}\">\n\t\t\t\t\t\t\t<div class=\"elementor-background-overlay\"><\/div>\n\t\t\t\t\t\t\t<div class=\"elementor-container elementor-column-gap-no\">\n\t\t\t\t\t<div class=\"elementor-column elementor-col-100 elementor-top-column elementor-element elementor-element-29504a5a\" data-id=\"29504a5a\" data-element_type=\"column\">\n\t\t\t<div class=\"elementor-widget-wrap elementor-element-populated\">\n\t\t\t\t\t\t<div class=\"elementor-element elementor-element-5265b2aa elementor-widget__width-auto elementor-widget elementor-widget-heading\" data-id=\"5265b2aa\" data-element_type=\"widget\" data-widget_type=\"heading.default\">\n\t\t\t\t<div class=\"elementor-widget-container\">\n\t\t\t\t\t<div class=\"elementor-heading-title elementor-size-default\"><a href=\"https:\/\/partiguineendupeuple.org\">Home<\/a><\/div>\t\t\t\t<\/div>\n\t\t\t\t<\/div>\n\t\t\t\t<div class=\"elementor-element elementor-element-2d5f64ec elementor-widget__width-auto elementor-widget elementor-widget-heading\" data-id=\"2d5f64ec\" data-element_type=\"widget\" data-widget_type=\"heading.default\">\n\t\t\t\t<div class=\"elementor-widget-container\">\n\t\t\t\t\t<div class=\"elementor-heading-title elementor-size-default\">\/<\/div>\t\t\t\t<\/div>\n\t\t\t\t<\/div>\n\t\t\t\t\t<\/div>\n\t\t<\/div>\n\t\t\t\t\t<\/div>\n\t\t<\/section>\n\t\t\t\t<section class=\"elementor-section elementor-top-section elementor-element elementor-element-6232c319 elementor-section-boxed elementor-section-height-default elementor-section-height-default\" data-id=\"6232c319\" data-element_type=\"section\" data-settings=\"{&quot;background_background&quot;:&quot;gradient&quot;}\">\n\t\t\t\t\t\t<div class=\"elementor-container elementor-column-gap-no\">\n\t\t\t\t\t<div class=\"elementor-column elementor-col-50 elementor-top-column elementor-element elementor-element-70cb99f0\" data-id=\"70cb99f0\" data-element_type=\"column\">\n\t\t\t<div class=\"elementor-widget-wrap elementor-element-populated\">\n\t\t\t\t\t\t<div class=\"elementor-element elementor-element-6f4446fa elementor-widget__width-auto elementor-widget elementor-widget-heading\" data-id=\"6f4446fa\" data-element_type=\"widget\" data-widget_type=\"heading.default\">\n\t\t\t\t<div class=\"elementor-widget-container\">\n\t\t\t\t\t<h6 class=\"elementor-heading-title elementor-size-default\">A propos<\/h6>\t\t\t\t<\/div>\n\t\t\t\t<\/div>\n\t\t\t\t<div class=\"elementor-element elementor-element-1c97301b elementor-invisible elementor-widget elementor-widget-heading\" data-id=\"1c97301b\" data-element_type=\"widget\" data-settings=\"{&quot;_animation&quot;:&quot;fadeInUp&quot;}\" data-widget_type=\"heading.default\">\n\t\t\t\t<div class=\"elementor-widget-container\">\n\t\t\t\t\t<h2 class=\"elementor-heading-title elementor-size-default\">President Moussa Sylla<\/h2>\t\t\t\t<\/div>\n\t\t\t\t<\/div>\n\t\t\t\t<div class=\"elementor-element elementor-element-346bc44c elementor-invisible elementor-widget elementor-widget-text-editor\" data-id=\"346bc44c\" data-element_type=\"widget\" data-settings=\"{&quot;_animation&quot;:&quot;zoomIn&quot;}\" data-widget_type=\"text-editor.default\">\n\t\t\t\t<div class=\"elementor-widget-container\">\n\t\t\t\t\t\t\t\t\t<p>Ne dans une famille modeste r\u00e9put\u00e9e pour son \u00e9ducation et son instruction \u00e0 togui-oulen dans siguiri, Moussa Sylla est titulaire d\u2019une licence \u00e0 l\u2019universit\u00e9 internationale coll\u00e9ge (UNIC).<\/p><p>Fils de m\u00e9nag\u00e8re du nom de T\u00e8n\u00e8gb\u00e8 Sacko originaire de siguiri et humble instructeur coranique nomm\u00e9 karamo Fode KABA sylla natif de Djoma togui-oulen dans siguiri, le tr\u00e8s jeune Moussa se fait remarquer tr\u00e8s rapidement dans la ville de siguiri de manden br\u00e8 par son courage et son leadership qui lui ont valus ce qu\u2019il est aujourd\u2019hui .<br \/>\u00c0 la t\u00eate de l\u2019un des plus jeune parti politique de la r\u00e9publique de Guin\u00e9e, le jeune est d\u00e9termin\u00e9 \u00e0 ramener les fils du pays \u00e0 l\u2019entente.<br \/>Jun 2008 \u00e0 septembre 2013, coordinateur de nouvelles \u00e9mergences de Guin\u00e9e une organisation non gouvernementale<br \/>F\u00e9vrier 2018 candidat ind\u00e9pendant \u00e0 l\u2019\u00e9lection communale de siguiri<\/p>\t\t\t\t\t\t\t\t<\/div>\n\t\t\t\t<\/div>\n\t\t\t\t\t<\/div>\n\t\t<\/div>\n\t\t\t\t<div class=\"elementor-column elementor-col-50 elementor-top-column elementor-element elementor-element-2e894eba\" data-id=\"2e894eba\" data-element_type=\"column\">\n\t\t\t<div class=\"elementor-widget-wrap elementor-element-populated\">\n\t\t\t\t\t\t<div class=\"elementor-element elementor-element-614a9930 elementor-invisible elementor-widget elementor-widget-image\" data-id=\"614a9930\" data-element_type=\"widget\" data-settings=\"{&quot;_animation&quot;:&quot;fadeInUp&quot;}\" data-widget_type=\"image.default\">\n\t\t\t\t<div class=\"elementor-widget-container\">\n\t\t\t\t\t\t\t\t\t\t\t\t\t\t\t<img decoding=\"async\" src=\"https:\/\/partiguineendupeuple.org\/wp-content\/uploads\/2023\/04\/WhatsApp-Image-2023-03-23-at-20.47.25.jpeg\" title=\"WhatsApp Image 2023-03-23 at 20.47.25\" alt=\"WhatsApp Image 2023-03-23 at 20.47.25\" loading=\"lazy\" \/>\t\t\t\t\t\t\t\t\t\t\t\t\t\t\t<\/div>\n\t\t\t\t<\/div>\n\t\t\t\t\t<\/div>\n\t\t<\/div>\n\t\t\t\t\t<\/div>\n\t\t<\/section>\n\t\t\t\t<\/div>\n\t\t","protected":false},"excerpt":{"rendered":"<p>Home \/ A propos President Moussa Sylla Ne dans une famille modeste r\u00e9put\u00e9e pour son \u00e9ducation et son instruction \u00e0 togui-oulen dans siguiri, Moussa Sylla est titulaire d\u2019une licence \u00e0 l\u2019universit\u00e9 internationale coll\u00e9ge (UNIC). Fils de m\u00e9nag\u00e8re du nom de T\u00e8n\u00e8gb\u00e8 Sacko originaire de siguiri et humble instructeur coranique nomm\u00e9 karamo Fode KABA sylla natif [&hellip;]<\/p>\n","protected":false},"author":1,"featured_media":0,"parent":0,"menu_order":0,"comment_status":"closed","ping_status":"closed","template":"","meta":{"site-sidebar-layout":"no-sidebar","site-content-layout":"page-builder","ast-site-content-layout":"","site-content-style":"default","site-sidebar-style":"default","ast-global-header-display":"","ast-banner-title-visibility":"","ast-main-header-display":"","ast-hfb-above-header-display":"","ast-hfb-below-header-display":"","ast-hfb-mobile-header-display":"","site-post-title":"disabled","ast-breadcrumbs-content":"","ast-featured-img":"disabled","footer-sml-layout":"","theme-transparent-header-meta":"","adv-header-id-meta":"","stick-header-meta":"","header-above-stick-meta":"","header-main-stick-meta":"","header-below-stick-meta":"","astra-migrate-meta-layouts":"default","ast-page-background-enabled":"default","ast-page-background-meta":{"desktop":{"background-color":"var(--ast-global-color-4)","background-image":"","background-repeat":"repeat","background-position":"center center","background-size":"auto","background-attachment":"scroll","background-type":"","background-media":"","overlay-type":"","overlay-color":"","overlay-opacity":"","overlay-gradient":""},"tablet":{"background-color":"","background-image":"","background-repeat":"repeat","background-position":"center center","background-size":"auto","background-attachment":"scroll","background-type":"","background-media":"","overlay-type":"","overlay-color":"","overlay-opacity":"","overlay-gradient":""},"mobile":{"background-color":"","background-image":"","background-repeat":"repeat","background-position":"center center","background-size":"auto","background-attachment":"scroll","background-type":"","background-media":"","overlay-type":"","overlay-color":"","overlay-opacity":"","overlay-gradient":""}},"ast-content-background-meta":{"desktop":{"background-color":"var(--ast-global-color-5)","background-image":"","background-repeat":"repeat","background-position":"center center","background-size":"auto","background-attachment":"scroll","background-type":"","background-media":"","overlay-type":"","overlay-color":"","overlay-opacity":"","overlay-gradient":""},"tablet":{"background-color":"var(--ast-global-color-5)","background-image":"","background-repeat":"repeat","background-position":"center center","background-size":"auto","background-attachment":"scroll","background-type":"","background-media":"","overlay-type":"","overlay-color":"","overlay-opacity":"","overlay-gradient":""},"mobile":{"background-color":"var(--ast-global-color-5)","background-image":"","background-repeat":"repeat","background-position":"center center","background-size":"auto","background-attachment":"scroll","background-type":"","background-media":"","overlay-type":"","overlay-color":"","overlay-opacity":"","overlay-gradient":""}},"footnotes":""},"class_list":["post-843","page","type-page","status-publish","hentry"],"_links":{"self":[{"href":"https:\/\/partiguineendupeuple.org\/index.php?rest_route=\/wp\/v2\/pages\/843","targetHints":{"allow":["GET"]}}],"collection":[{"href":"https:\/\/partiguineendupeuple.org\/index.php?rest_route=\/wp\/v2\/pages"}],"about":[{"href":"https:\/\/partiguineendupeuple.org\/index.php?rest_route=\/wp\/v2\/types\/page"}],"author":[{"embeddable":true,"href":"https:\/\/partiguineendupeuple.org\/index.php?rest_route=\/wp\/v2\/users\/1"}],"replies":[{"embeddable":true,"href":"https:\/\/partiguineendupeuple.org\/index.php?rest_route=%2Fwp%2Fv2%2Fcomments&post=843"}],"version-history":[{"count":8,"href":"https:\/\/partiguineendupeuple.org\/index.php?rest_route=\/wp\/v2\/pages\/843\/revisions"}],"predecessor-version":[{"id":1028,"href":"https:\/\/partiguineendupeuple.org\/index.php?rest_route=\/wp\/v2\/pages\/843\/revisions\/1028"}],"wp:attachment":[{"href":"https:\/\/partiguineendupeuple.org\/index.php?rest_route=%2Fwp%2Fv2%2Fmedia&parent=843"}],"curies":[{"name":"wp","href":"https:\/\/api.w.org\/{rel}","templated":true}]}}