{"id":340,"date":"2023-03-29T12:53:01","date_gmt":"2023-03-29T12:53:01","guid":{"rendered":"https:\/\/partiguineendupeuple.org\/?page_id=340"},"modified":"2024-10-23T13:38:42","modified_gmt":"2024-10-23T13:38:42","slug":"vision","status":"publish","type":"page","link":"https:\/\/partiguineendupeuple.org\/?page_id=340","title":{"rendered":"Vision"},"content":{"rendered":"\t\t<div data-elementor-type=\"wp-page\" data-elementor-id=\"340\" class=\"elementor elementor-340\" data-elementor-post-type=\"page\">\n\t\t\t\t\t\t<section class=\"elementor-section elementor-top-section elementor-element elementor-element-4fa25d07 elementor-section-height-min-height elementor-section-boxed elementor-section-height-default elementor-section-items-middle\" data-id=\"4fa25d07\" data-element_type=\"section\" data-settings=\"{&quot;background_background&quot;:&quot;classic&quot;}\">\n\t\t\t\t\t\t\t<div class=\"elementor-background-overlay\"><\/div>\n\t\t\t\t\t\t\t<div class=\"elementor-container elementor-column-gap-no\">\n\t\t\t\t\t<div class=\"elementor-column elementor-col-100 elementor-top-column elementor-element elementor-element-6b57dff2\" data-id=\"6b57dff2\" data-element_type=\"column\">\n\t\t\t<div class=\"elementor-widget-wrap elementor-element-populated\">\n\t\t\t\t\t\t<div class=\"elementor-element elementor-element-119a9507 elementor-widget__width-auto elementor-widget elementor-widget-heading\" data-id=\"119a9507\" data-element_type=\"widget\" data-widget_type=\"heading.default\">\n\t\t\t\t<div class=\"elementor-widget-container\">\n\t\t\t\t\t<div class=\"elementor-heading-title elementor-size-default\"><a href=\"https:\/\/partiguineendupeuple.org\">Home<\/a><\/div>\t\t\t\t<\/div>\n\t\t\t\t<\/div>\n\t\t\t\t<div class=\"elementor-element elementor-element-431233bb elementor-widget__width-auto elementor-widget elementor-widget-heading\" data-id=\"431233bb\" data-element_type=\"widget\" data-widget_type=\"heading.default\">\n\t\t\t\t<div class=\"elementor-widget-container\">\n\t\t\t\t\t<div class=\"elementor-heading-title elementor-size-default\">\/<\/div>\t\t\t\t<\/div>\n\t\t\t\t<\/div>\n\t\t\t\t\t<\/div>\n\t\t<\/div>\n\t\t\t\t\t<\/div>\n\t\t<\/section>\n\t\t\t\t<section class=\"elementor-section elementor-top-section elementor-element elementor-element-7f668ce elementor-section-boxed elementor-section-height-default elementor-section-height-default\" data-id=\"7f668ce\" data-element_type=\"section\">\n\t\t\t\t\t\t<div class=\"elementor-container elementor-column-gap-default\">\n\t\t\t\t\t<div class=\"elementor-column elementor-col-100 elementor-top-column elementor-element elementor-element-f15b2fe\" data-id=\"f15b2fe\" data-element_type=\"column\">\n\t\t\t<div class=\"elementor-widget-wrap elementor-element-populated\">\n\t\t\t\t\t\t<div class=\"elementor-element elementor-element-60095e1 elementor-widget elementor-widget-heading\" data-id=\"60095e1\" data-element_type=\"widget\" data-widget_type=\"heading.default\">\n\t\t\t\t<div class=\"elementor-widget-container\">\n\t\t\t\t\t<h2 class=\"elementor-heading-title elementor-size-default\">Notre vison<\/h2>\t\t\t\t<\/div>\n\t\t\t\t<\/div>\n\t\t\t\t\t<\/div>\n\t\t<\/div>\n\t\t\t\t\t<\/div>\n\t\t<\/section>\n\t\t\t\t<section class=\"elementor-section elementor-top-section elementor-element elementor-element-dfae324 elementor-section-boxed elementor-section-height-default elementor-section-height-default\" data-id=\"dfae324\" data-element_type=\"section\">\n\t\t\t\t\t\t<div class=\"elementor-container elementor-column-gap-default\">\n\t\t\t\t\t<div class=\"elementor-column elementor-col-100 elementor-top-column elementor-element elementor-element-eee10ea\" data-id=\"eee10ea\" data-element_type=\"column\">\n\t\t\t<div class=\"elementor-widget-wrap elementor-element-populated\">\n\t\t\t\t\t\t<div class=\"elementor-element elementor-element-6a30dd8 elementor-widget elementor-widget-text-editor\" data-id=\"6a30dd8\" data-element_type=\"widget\" data-widget_type=\"text-editor.default\">\n\t\t\t\t<div class=\"elementor-widget-container\">\n\t\t\t\t\t\t\t\t\t<p>Notre vision est de faire cr\u00e9er une Guin\u00e9e forte et \u00e9mergente. Elle s\u2019articulera sur des principaux axes qui sont :<br \/>L\u2019instauration de l\u2019int\u00e9grit\u00e9 humaine et la lutte contre les in\u00e9galit\u00e9s afin de renforcer l\u2019autonomisation des femmes et des jeunes ; <br \/>La lutte contre la corruption et la dilapidation des deniers publics ;<br \/>L\u2019\u00e9largissement d\u2019une d\u00e9mocratie participative ;<br \/>La lib\u00e9ralisation de l\u2019\u00e9conomie dans l\u2019int\u00e9r\u00eat de tous les Guin\u00e9es afin de combattre la pauvret\u00e9 ;<br \/>La s\u00e9curisation des recettes de l\u2019\u00e9tat et le contr\u00f4le rigoureux des d\u00e9penses ;<br \/>La modernisation des activit\u00e9s agricoles pour atteindre l\u2019autosuffisance alimentaire en Guin\u00e9e ;<br \/>Le renouvellement total du syst\u00e8me \u00e9ducatif de tous les niveaux ;<br \/>La lutte contre le ch\u00f4mage en cr\u00e9ant d\u2019emplois dans les secteurs priv\u00e9s et le rajeunissement de la fonction publique ;<br \/>Le renforcement de la diplomatie pour qu\u2019elle soit un instrument efficace de coop\u00e9ration et d\u2019aide au d\u00e9veloppement ;<br \/>Le resserrement de l\u2019int\u00e9grit\u00e9 sous-r\u00e9gionale et l\u2019\u00e9tablissement des relations d\u2019amiti\u00e9 et de coop\u00e9ration avec les peuples du monde ;<br \/>La refonte du syst\u00e8me sanitaire et l\u2019instauration d\u2019une justice sociale.<\/p>\t\t\t\t\t\t\t\t<\/div>\n\t\t\t\t<\/div>\n\t\t\t\t\t<\/div>\n\t\t<\/div>\n\t\t\t\t\t<\/div>\n\t\t<\/section>\n\t\t\t\t<\/div>\n\t\t","protected":false},"excerpt":{"rendered":"<p>Home \/ Notre vison Notre vision est de faire cr\u00e9er une Guin\u00e9e forte et \u00e9mergente. Elle s\u2019articulera sur des principaux axes qui sont :L\u2019instauration de l\u2019int\u00e9grit\u00e9 humaine et la lutte contre les in\u00e9galit\u00e9s afin de renforcer l\u2019autonomisation des femmes et des jeunes ; La lutte contre la corruption et la dilapidation des deniers publics ;L\u2019\u00e9largissement [&hellip;]<\/p>\n","protected":false},"author":1,"featured_media":0,"parent":0,"menu_order":0,"comment_status":"closed","ping_status":"closed","template":"","meta":{"site-sidebar-layout":"no-sidebar","site-content-layout":"page-builder","ast-site-content-layout":"","site-content-style":"default","site-sidebar-style":"default","ast-global-header-display":"","ast-banner-title-visibility":"","ast-main-header-display":"","ast-hfb-above-header-display":"","ast-hfb-below-header-display":"","ast-hfb-mobile-header-display":"","site-post-title":"disabled","ast-breadcrumbs-content":"","ast-featured-img":"disabled","footer-sml-layout":"","theme-transparent-header-meta":"","adv-header-id-meta":"","stick-header-meta":"","header-above-stick-meta":"","header-main-stick-meta":"","header-below-stick-meta":"","astra-migrate-meta-layouts":"default","ast-page-background-enabled":"default","ast-page-background-meta":{"desktop":{"background-color":"var(--ast-global-color-4)","background-image":"","background-repeat":"repeat","background-position":"center center","background-size":"auto","background-attachment":"scroll","background-type":"","background-media":"","overlay-type":"","overlay-color":"","overlay-opacity":"","overlay-gradient":""},"tablet":{"background-color":"","background-image":"","background-repeat":"repeat","background-position":"center center","background-size":"auto","background-attachment":"scroll","background-type":"","background-media":"","overlay-type":"","overlay-color":"","overlay-opacity":"","overlay-gradient":""},"mobile":{"background-color":"","background-image":"","background-repeat":"repeat","background-position":"center center","background-size":"auto","background-attachment":"scroll","background-type":"","background-media":"","overlay-type":"","overlay-color":"","overlay-opacity":"","overlay-gradient":""}},"ast-content-background-meta":{"desktop":{"background-color":"var(--ast-global-color-5)","background-image":"","background-repeat":"repeat","background-position":"center center","background-size":"auto","background-attachment":"scroll","background-type":"","background-media":"","overlay-type":"","overlay-color":"","overlay-opacity":"","overlay-gradient":""},"tablet":{"background-color":"var(--ast-global-color-5)","background-image":"","background-repeat":"repeat","background-position":"center center","background-size":"auto","background-attachment":"scroll","background-type":"","background-media":"","overlay-type":"","overlay-color":"","overlay-opacity":"","overlay-gradient":""},"mobile":{"background-color":"var(--ast-global-color-5)","background-image":"","background-repeat":"repeat","background-position":"center center","background-size":"auto","background-attachment":"scroll","background-type":"","background-media":"","overlay-type":"","overlay-color":"","overlay-opacity":"","overlay-gradient":""}},"footnotes":""},"class_list":["post-340","page","type-page","status-publish","hentry"],"_links":{"self":[{"href":"https:\/\/partiguineendupeuple.org\/index.php?rest_route=\/wp\/v2\/pages\/340","targetHints":{"allow":["GET"]}}],"collection":[{"href":"https:\/\/partiguineendupeuple.org\/index.php?rest_route=\/wp\/v2\/pages"}],"about":[{"href":"https:\/\/partiguineendupeuple.org\/index.php?rest_route=\/wp\/v2\/types\/page"}],"author":[{"embeddable":true,"href":"https:\/\/partiguineendupeuple.org\/index.php?rest_route=\/wp\/v2\/users\/1"}],"replies":[{"embeddable":true,"href":"https:\/\/partiguineendupeuple.org\/index.php?rest_route=%2Fwp%2Fv2%2Fcomments&post=340"}],"version-history":[{"count":19,"href":"https:\/\/partiguineendupeuple.org\/index.php?rest_route=\/wp\/v2\/pages\/340\/revisions"}],"predecessor-version":[{"id":1016,"href":"https:\/\/partiguineendupeuple.org\/index.php?rest_route=\/wp\/v2\/pages\/340\/revisions\/1016"}],"wp:attachment":[{"href":"https:\/\/partiguineendupeuple.org\/index.php?rest_route=%2Fwp%2Fv2%2Fmedia&parent=340"}],"curies":[{"name":"wp","href":"https:\/\/api.w.org\/{rel}","templated":true}]}}